{"id":123,"date":"2017-08-12T10:10:59","date_gmt":"2017-08-12T10:10:59","guid":{"rendered":"http:\/\/demo.acmethemes.com\/medical-circle\/?page_id=5"},"modified":"2022-09-22T17:28:29","modified_gmt":"2022-09-22T20:28:29","slug":"front-page","status":"publish","type":"page","link":"http:\/\/www.asalfa.org.ar\/web\/","title":{"rendered":"Front Page"},"content":{"rendered":"<p><strong>ASALFA<\/strong><\/p>\n<p><strong>Misi\u00f3n <\/strong><\/p>\n<p>ASALFA es una sociedad cient\u00edfica y profesional argentina que nuclea a fonoaudi\u00f3logos universitarios dedicada a propender la defensa de sus incumbencias, la jerarquizaci\u00f3n profesional, contribuir a la actualizaci\u00f3n y perfeccionamiento del conocimiento y, fomentar y divulgar la investigaci\u00f3n acorde a la demanda nacional e internacional.<\/p>\n<p><strong>Visi\u00f3n<\/strong><\/p>\n<p>Ser la \u00fanica instituci\u00f3n cient\u00edfica y profesional referente de los profesionales fonoaudi\u00f3logos, en Argentina y en el exterior, reconocida por su historicidad, \u00e9tica e idoneidad.<\/p>\n<p><strong>Valores <\/strong><\/p>\n<ul>\n<li><strong>Historicidad<\/strong> (ASALFA es parte integrante del devenir de la historia de la Fonoaudiolog\u00eda Argentina como un proceso hist\u00f3rico continuo<\/li>\n<li><strong>\u00c9tica<\/strong><\/li>\n<li><strong>Compromiso <\/strong><\/li>\n<li><strong>Transparencia<\/strong><\/li>\n<li><strong>Confiabilidad y Credibilidad<\/strong> (sus opiniones est\u00e1n fundadas en principios cient\u00edfico-t\u00e9cnicos y marco regulatorio vigente)<\/li>\n<\/ul>\n<p><strong>Algunas de sus funciones son:<\/strong><\/p>\n<p>Organizar actividades cient\u00edficas para la continua actualizaci\u00f3n y desarrollo y perfeccionamiento del conocimiento de la comunidad fonoaudiol\u00f3gica universitaria de la Argentina y del exterior, acordes a los m\u00e1s altos est\u00e1ndares de buenas pr\u00e1cticas y \u00e9tica profesional.<\/p>\n<p>Proveer herramientas que faciliten la investigaci\u00f3n.<\/p>\n<p>Impulsar el avance del conocimiento promoviendo el contacto entre profesionales y cient\u00edficos con variadas formaciones e intereses provenientes de diversas regiones del pa\u00eds, y del exterior.<\/p>\n<p>Fortalecer la proyecci\u00f3n de la Fonoaudiolog\u00eda Argentina en el plano cient\u00edfico internacional.<\/p>\n<p>Difundir a la comunidad fonoaudiol\u00f3gica los m\u00e1s recientes descubrimientos cient\u00edficos, sus implicancias en la cl\u00ednica y en la \u00e9tica profesional.<\/p>\n<p>Fortalecer el concepto de Sociedad Cient\u00edfica con un rol activo en el direccionamiento de pol\u00edticas cient\u00edficas nacionales, trabajando en conjunto con otras Sociedades e instituciones que nuclean diversas \u00e1reas de la Fonoaudiolog\u00eda y de otras ciencias en nuestro pa\u00eds.<\/p>\n<p>Asesorar a Instituciones gubernamentales u otras encargadas del dise\u00f1o de Pol\u00edticas de Salud sobre aspectos sustantivos y \/o regulatorios de la Disciplina<\/p>\n<p>Promover la investigaci\u00f3n, facilitar la presentaci\u00f3n y divulgaci\u00f3n de trabajos cient\u00edficos<\/p>\n<p>Establecer un canal de dialogo entre las sociedades cient\u00edficas, las autoridades de ciencia y t\u00e9cnica y otras.<\/p>\n<p>Fomentar la comunicaci\u00f3n con sus socios, alentando su participaci\u00f3n en la elaboraci\u00f3n de nuevas propuestas, apuntando a un continuo crecimiento de la comunidad fonoaudiol\u00f3gica<\/p>\n<p>Ofrecer un \u00e1mbito de pertenencia<\/p>\n<p>&nbsp;<\/p>\n","protected":false},"excerpt":{"rendered":"<p>ASALFA Misi\u00f3n ASALFA es una sociedad cient\u00edfica y profesional argentina que nuclea a fonoaudi\u00f3logos universitarios dedicada a propender la defensa de sus incumbencias, la jerarquizaci\u00f3n profesional, contribuir a la actualizaci\u00f3n y perfeccionamiento del conocimiento y, fomentar y divulgar la investigaci\u00f3n acorde a la demanda nacional e internacional. Visi\u00f3n Ser la \u00fanica instituci\u00f3n cient\u00edfica y profesional&hellip;<\/p>\n","protected":false},"author":1,"featured_media":2187,"parent":0,"menu_order":0,"comment_status":"closed","ping_status":"closed","template":"","meta":{"cybocfi_hide_featured_image":"yes"},"yoast_head":"<!-- This site is optimized with the Yoast SEO plugin v16.8 - https:\/\/yoast.com\/wordpress\/plugins\/seo\/ -->\n<title>Fonoaudiolog\u00eda | Asoc. Arg. de Logopedia, Foniatr\u00eda y Audiolog\u00eda<\/title>\n<meta name=\"description\" content=\"Somos una sociedad cient\u00edfica y profesional que nuclea a fonoaudi\u00f3logos universitarios, dedicada a propender la defensa de sus incumbencias, fomentar y divulgar la investigaci\u00f3n en las distintas \u00e1reas de la fonoaudiolog\u00eda.\" \/>\n<meta name=\"robots\" content=\"index, follow, max-snippet:-1, max-image-preview:large, max-video-preview:-1\" \/>\n<link rel=\"canonical\" href=\"https:\/\/www.asalfa.org.ar\/web\/\" \/>\n<meta property=\"og:locale\" content=\"es_ES\" \/>\n<meta property=\"og:type\" content=\"article\" \/>\n<meta property=\"og:title\" content=\"Fonoaudiolog\u00eda | Asoc. Arg. de Logopedia, Foniatr\u00eda y Audiolog\u00eda\" \/>\n<meta property=\"og:description\" content=\"Somos una sociedad cient\u00edfica y profesional que nuclea a fonoaudi\u00f3logos universitarios, dedicada a propender la defensa de sus incumbencias, fomentar y divulgar la investigaci\u00f3n en las distintas \u00e1reas de la fonoaudiolog\u00eda.\" \/>\n<meta property=\"og:url\" content=\"https:\/\/www.asalfa.org.ar\/web\/\" \/>\n<meta property=\"og:site_name\" content=\"Asoc. Arg. de Logopedia, Foniatr\u00eda y Audiolog\u00eda\" \/>\n<meta property=\"article:publisher\" content=\"https:\/\/www.facebook.com\/asalfa.web\" \/>\n<meta property=\"article:modified_time\" content=\"2022-09-22T20:28:29+00:00\" \/>\n<meta property=\"og:image\" content=\"http:\/\/www.asalfa.org.ar\/web\/wp-content\/uploads\/2022\/07\/LogoASALFA_WEB2.jpg\" \/>\n\t<meta property=\"og:image:width\" content=\"235\" \/>\n\t<meta property=\"og:image:height\" content=\"71\" \/>\n<meta name=\"twitter:card\" content=\"summary_large_image\" \/>\n<meta name=\"twitter:label1\" content=\"Tiempo de lectura\" \/>\n\t<meta name=\"twitter:data1\" content=\"2 minutos\" \/>\n<script type=\"application\/ld+json\" class=\"yoast-schema-graph\">{\"@context\":\"https:\/\/schema.org\",\"@graph\":[{\"@type\":\"Organization\",\"@id\":\"https:\/\/www.asalfa.org.ar\/web\/#organization\",\"name\":\"ASALFA\",\"url\":\"https:\/\/www.asalfa.org.ar\/web\/\",\"sameAs\":[\"https:\/\/www.facebook.com\/asalfa.web\",\"https:\/\/www.instagram.com\/asalfa.fono\/\",\"https:\/\/www.youtube.com\/channel\/UCViRiKssMnG1fvSb5yMV_Gw\"],\"logo\":{\"@type\":\"ImageObject\",\"@id\":\"https:\/\/www.asalfa.org.ar\/web\/#logo\",\"inLanguage\":\"es-AR\",\"url\":\"https:\/\/www.asalfa.org.ar\/web\/wp-content\/uploads\/2021\/07\/LogoASALFAdesde1948-1.png\",\"contentUrl\":\"https:\/\/www.asalfa.org.ar\/web\/wp-content\/uploads\/2021\/07\/LogoASALFAdesde1948-1.png\",\"width\":249,\"height\":65,\"caption\":\"ASALFA\"},\"image\":{\"@id\":\"https:\/\/www.asalfa.org.ar\/web\/#logo\"}},{\"@type\":\"WebSite\",\"@id\":\"https:\/\/www.asalfa.org.ar\/web\/#website\",\"url\":\"https:\/\/www.asalfa.org.ar\/web\/\",\"name\":\"ASALFA\",\"description\":\"Fonoaudiolog\\u00eda\",\"publisher\":{\"@id\":\"https:\/\/www.asalfa.org.ar\/web\/#organization\"},\"potentialAction\":[{\"@type\":\"SearchAction\",\"target\":{\"@type\":\"EntryPoint\",\"urlTemplate\":\"https:\/\/www.asalfa.org.ar\/web\/?s={search_term_string}\"},\"query-input\":\"required name=search_term_string\"}],\"inLanguage\":\"es-AR\"},{\"@type\":\"WebPage\",\"@id\":\"https:\/\/www.asalfa.org.ar\/web\/#webpage\",\"url\":\"https:\/\/www.asalfa.org.ar\/web\/\",\"name\":\"Fonoaudiolog\\u00eda | Asoc. Arg. de Logopedia, Foniatr\\u00eda y Audiolog\\u00eda\",\"isPartOf\":{\"@id\":\"https:\/\/www.asalfa.org.ar\/web\/#website\"},\"primaryImageOfPage\":{\"@id\":\"https:\/\/www.asalfa.org.ar\/web\/#primaryimage\"},\"datePublished\":\"2017-08-12T10:10:59+00:00\",\"dateModified\":\"2022-09-22T20:28:29+00:00\",\"description\":\"Somos una sociedad cient\\u00edfica y profesional que nuclea a fonoaudi\\u00f3logos universitarios, dedicada a propender la defensa de sus incumbencias, fomentar y divulgar la investigaci\\u00f3n en las distintas \\u00e1reas de la fonoaudiolog\\u00eda.\",\"breadcrumb\":{\"@id\":\"https:\/\/www.asalfa.org.ar\/web\/#breadcrumb\"},\"inLanguage\":\"es-AR\",\"potentialAction\":[{\"@type\":\"ReadAction\",\"target\":[\"https:\/\/www.asalfa.org.ar\/web\/\"]}]},{\"@type\":\"BreadcrumbList\",\"@id\":\"https:\/\/www.asalfa.org.ar\/web\/#breadcrumb\",\"itemListElement\":[{\"@type\":\"ListItem\",\"position\":1,\"name\":\"Inicio\",\"item\":\"https:\/\/www.asalfa.org.ar\/web\/\"},{\"@type\":\"ListItem\",\"position\":2,\"name\":\"Front Page\"}]}]}<\/script>\n<!-- \/ Yoast SEO plugin. -->","yoast_head_json":{"title":"Fonoaudiolog\u00eda | Asoc. Arg. de Logopedia, Foniatr\u00eda y Audiolog\u00eda","description":"Somos una sociedad cient\u00edfica y profesional que nuclea a fonoaudi\u00f3logos universitarios, dedicada a propender la defensa de sus incumbencias, fomentar y divulgar la investigaci\u00f3n en las distintas \u00e1reas de la fonoaudiolog\u00eda.","robots":{"index":"index","follow":"follow","max-snippet":"max-snippet:-1","max-image-preview":"max-image-preview:large","max-video-preview":"max-video-preview:-1"},"canonical":"https:\/\/www.asalfa.org.ar\/web\/","og_locale":"es_ES","og_type":"article","og_title":"Fonoaudiolog\u00eda | Asoc. Arg. de Logopedia, Foniatr\u00eda y Audiolog\u00eda","og_description":"Somos una sociedad cient\u00edfica y profesional que nuclea a fonoaudi\u00f3logos universitarios, dedicada a propender la defensa de sus incumbencias, fomentar y divulgar la investigaci\u00f3n en las distintas \u00e1reas de la fonoaudiolog\u00eda.","og_url":"https:\/\/www.asalfa.org.ar\/web\/","og_site_name":"Asoc. Arg. de Logopedia, Foniatr\u00eda y Audiolog\u00eda","article_publisher":"https:\/\/www.facebook.com\/asalfa.web","article_modified_time":"2022-09-22T20:28:29+00:00","og_image":[{"width":235,"height":71,"url":"http:\/\/www.asalfa.org.ar\/web\/wp-content\/uploads\/2022\/07\/LogoASALFA_WEB2.jpg","path":"\/home\/laura\/public_html\/web\/wp-content\/uploads\/2022\/07\/LogoASALFA_WEB2.jpg","size":"full","id":2187,"alt":"","pixels":16685,"type":"image\/jpeg"}],"twitter_card":"summary_large_image","twitter_misc":{"Tiempo de lectura":"2 minutos"},"schema":{"@context":"https:\/\/schema.org","@graph":[{"@type":"Organization","@id":"https:\/\/www.asalfa.org.ar\/web\/#organization","name":"ASALFA","url":"https:\/\/www.asalfa.org.ar\/web\/","sameAs":["https:\/\/www.facebook.com\/asalfa.web","https:\/\/www.instagram.com\/asalfa.fono\/","https:\/\/www.youtube.com\/channel\/UCViRiKssMnG1fvSb5yMV_Gw"],"logo":{"@type":"ImageObject","@id":"https:\/\/www.asalfa.org.ar\/web\/#logo","inLanguage":"es-AR","url":"https:\/\/www.asalfa.org.ar\/web\/wp-content\/uploads\/2021\/07\/LogoASALFAdesde1948-1.png","contentUrl":"https:\/\/www.asalfa.org.ar\/web\/wp-content\/uploads\/2021\/07\/LogoASALFAdesde1948-1.png","width":249,"height":65,"caption":"ASALFA"},"image":{"@id":"https:\/\/www.asalfa.org.ar\/web\/#logo"}},{"@type":"WebSite","@id":"https:\/\/www.asalfa.org.ar\/web\/#website","url":"https:\/\/www.asalfa.org.ar\/web\/","name":"ASALFA","description":"Fonoaudiolog\u00eda","publisher":{"@id":"https:\/\/www.asalfa.org.ar\/web\/#organization"},"potentialAction":[{"@type":"SearchAction","target":{"@type":"EntryPoint","urlTemplate":"https:\/\/www.asalfa.org.ar\/web\/?s={search_term_string}"},"query-input":"required name=search_term_string"}],"inLanguage":"es-AR"},{"@type":"WebPage","@id":"https:\/\/www.asalfa.org.ar\/web\/#webpage","url":"https:\/\/www.asalfa.org.ar\/web\/","name":"Fonoaudiolog\u00eda | Asoc. Arg. de Logopedia, Foniatr\u00eda y Audiolog\u00eda","isPartOf":{"@id":"https:\/\/www.asalfa.org.ar\/web\/#website"},"primaryImageOfPage":{"@id":"https:\/\/www.asalfa.org.ar\/web\/#primaryimage"},"datePublished":"2017-08-12T10:10:59+00:00","dateModified":"2022-09-22T20:28:29+00:00","description":"Somos una sociedad cient\u00edfica y profesional que nuclea a fonoaudi\u00f3logos universitarios, dedicada a propender la defensa de sus incumbencias, fomentar y divulgar la investigaci\u00f3n en las distintas \u00e1reas de la fonoaudiolog\u00eda.","breadcrumb":{"@id":"https:\/\/www.asalfa.org.ar\/web\/#breadcrumb"},"inLanguage":"es-AR","potentialAction":[{"@type":"ReadAction","target":["https:\/\/www.asalfa.org.ar\/web\/"]}]},{"@type":"BreadcrumbList","@id":"https:\/\/www.asalfa.org.ar\/web\/#breadcrumb","itemListElement":[{"@type":"ListItem","position":1,"name":"Inicio","item":"https:\/\/www.asalfa.org.ar\/web\/"},{"@type":"ListItem","position":2,"name":"Front Page"}]}]}},"_links":{"self":[{"href":"http:\/\/www.asalfa.org.ar\/web\/wp-json\/wp\/v2\/pages\/123"}],"collection":[{"href":"http:\/\/www.asalfa.org.ar\/web\/wp-json\/wp\/v2\/pages"}],"about":[{"href":"http:\/\/www.asalfa.org.ar\/web\/wp-json\/wp\/v2\/types\/page"}],"author":[{"embeddable":true,"href":"http:\/\/www.asalfa.org.ar\/web\/wp-json\/wp\/v2\/users\/1"}],"replies":[{"embeddable":true,"href":"http:\/\/www.asalfa.org.ar\/web\/wp-json\/wp\/v2\/comments?post=123"}],"version-history":[{"count":5,"href":"http:\/\/www.asalfa.org.ar\/web\/wp-json\/wp\/v2\/pages\/123\/revisions"}],"predecessor-version":[{"id":2230,"href":"http:\/\/www.asalfa.org.ar\/web\/wp-json\/wp\/v2\/pages\/123\/revisions\/2230"}],"wp:featuredmedia":[{"embeddable":true,"href":"http:\/\/www.asalfa.org.ar\/web\/wp-json\/wp\/v2\/media\/2187"}],"wp:attachment":[{"href":"http:\/\/www.asalfa.org.ar\/web\/wp-json\/wp\/v2\/media?parent=123"}],"curies":[{"name":"wp","href":"https:\/\/api.w.org\/{rel}","templated":true}]}}