{"id":495,"date":"2021-06-24T23:49:20","date_gmt":"2021-06-25T02:49:20","guid":{"rendered":"http:\/\/www.asalfa.org.ar\/web\/?page_id=495"},"modified":"2022-07-04T14:58:12","modified_gmt":"2022-07-04T17:58:12","slug":"auspicio-institucional","status":"publish","type":"page","link":"https:\/\/www.asalfa.org.ar\/web\/auspicio-institucional\/","title":{"rendered":"Auspicio Institucional"},"content":{"rendered":"<p>ASALFA tiene entre sus objetivos promocionar y fomentar el progreso de la Fonoaudiolog\u00eda, divulgando e impulsando los conocimientos de la especialidad y sus principios. En consecuencia, la Comisi\u00f3n Directiva prestar\u00e1 el auspicio institucional a actividades cient\u00edficas o acad\u00e9micas de inter\u00e9s fonoaudiol\u00f3gico, organizadas por instituciones o entidades ajenas a ella. Las actividades cient\u00edficas o acad\u00e9micas pueden ser: Congresos y\/o cursos internacionales, nacionales o regionales.<\/p>\n<ol>\n<li>Simposios, seminarios o mesas redondas.<\/li>\n<li>Cursos de extensi\u00f3n<\/li>\n<li>Jornadas<\/li>\n<li>Conferencias<\/li>\n<\/ol>\n<p><strong>Implicancias de la concesi\u00f3n<\/strong><br \/>\nEl auspicio institucional implica la conformidad de ASALFA a la actividad avalada y el uso de su nombre y de su logotipo por los organizadores. Debe ser objetivo de todos aquellos que participen en el proceso de concesi\u00f3n del auspicio que s\u00f3lo lo reciban aquellas actividades que, cumpliendo las finalidades de la Asociaci\u00f3n, lo hagan con la dignidad que el nombre de la Asociaci\u00f3n lo requiere.<\/p>\n<p><strong>C\u00f3mo solicitar el auspicio<\/strong><br \/>\nEl auspicio para tales actividades deber\u00e1 ser solicitado oficialmente por la m\u00e1xima autoridad de la instituci\u00f3n interesada al Presidente de ASALFA, quien lo presentar\u00e1 a la Comisi\u00f3n Directiva.<\/p>\n<p>Las solicitudes de auspicio con los programas (autoridades, temario y disertantes) deber\u00e1n ser enviados con suficiente anticipaci\u00f3n, por lo menos 60 d\u00edas antes del evento. De lo contrario no se aceptar\u00e1n<\/p>\n<p style=\"text-align: center;\"><strong>Formulario de pedido de auspicio institucional<\/strong><\/p>\n<p><a href=\"https:\/\/asalfa.org.ar\/Archivos\/FormularioPedidoAuspicioInstitucional.doc\"><img loading=\"lazy\" class=\"wp-image-445 aligncenter\" src=\"http:\/\/www.asalfa.org.ar\/web\/wp-content\/uploads\/2021\/06\/fecha-abajo-purpura-300x300.png\" alt=\"\" width=\"140\" height=\"140\" srcset=\"https:\/\/www.asalfa.org.ar\/web\/wp-content\/uploads\/2021\/06\/fecha-abajo-purpura-300x300.png 300w, https:\/\/www.asalfa.org.ar\/web\/wp-content\/uploads\/2021\/06\/fecha-abajo-purpura-150x150.png 150w, https:\/\/www.asalfa.org.ar\/web\/wp-content\/uploads\/2021\/06\/fecha-abajo-purpura.png 512w\" sizes=\"(max-width: 140px) 100vw, 140px\" \/><\/a><\/p>\n","protected":false},"excerpt":{"rendered":"<p>ASALFA tiene entre sus objetivos promocionar y fomentar el progreso de la Fonoaudiolog\u00eda, divulgando e impulsando los conocimientos de la especialidad y sus principios. En consecuencia, la Comisi\u00f3n Directiva prestar\u00e1 el auspicio institucional a actividades cient\u00edficas o acad\u00e9micas de inter\u00e9s fonoaudiol\u00f3gico, organizadas por instituciones o entidades ajenas a ella. Las actividades cient\u00edficas o acad\u00e9micas pueden&hellip;<\/p>\n","protected":false},"author":1,"featured_media":0,"parent":0,"menu_order":0,"comment_status":"closed","ping_status":"closed","template":"","meta":{"cybocfi_hide_featured_image":""},"yoast_head":"<!-- This site is optimized with the Yoast SEO plugin v16.8 - https:\/\/yoast.com\/wordpress\/plugins\/seo\/ -->\n<title>Auspicio Institucional | Asoc. Arg. de Logopedia, Foniatr\u00eda y Audiolog\u00eda<\/title>\n<meta name=\"robots\" content=\"index, follow, max-snippet:-1, max-image-preview:large, max-video-preview:-1\" \/>\n<link rel=\"canonical\" href=\"https:\/\/www.asalfa.org.ar\/web\/auspicio-institucional\/\" \/>\n<meta property=\"og:locale\" content=\"es_ES\" \/>\n<meta property=\"og:type\" content=\"article\" \/>\n<meta property=\"og:title\" content=\"Auspicio Institucional | Asoc. Arg. de Logopedia, Foniatr\u00eda y Audiolog\u00eda\" \/>\n<meta property=\"og:description\" content=\"ASALFA tiene entre sus objetivos promocionar y fomentar el progreso de la Fonoaudiolog\u00eda, divulgando e impulsando los conocimientos de la especialidad y sus principios. En consecuencia, la Comisi\u00f3n Directiva prestar\u00e1 el auspicio institucional a actividades cient\u00edficas o acad\u00e9micas de inter\u00e9s fonoaudiol\u00f3gico, organizadas por instituciones o entidades ajenas a ella. Las actividades cient\u00edficas o acad\u00e9micas pueden&hellip;\" \/>\n<meta property=\"og:url\" content=\"https:\/\/www.asalfa.org.ar\/web\/auspicio-institucional\/\" \/>\n<meta property=\"og:site_name\" content=\"Asoc. Arg. de Logopedia, Foniatr\u00eda y Audiolog\u00eda\" \/>\n<meta property=\"article:publisher\" content=\"https:\/\/www.facebook.com\/asalfa.web\" \/>\n<meta property=\"article:modified_time\" content=\"2022-07-04T17:58:12+00:00\" \/>\n<meta property=\"og:image\" content=\"http:\/\/www.asalfa.org.ar\/web\/wp-content\/uploads\/2021\/06\/fecha-abajo-purpura-300x300.png\" \/>\n<meta name=\"twitter:card\" content=\"summary_large_image\" \/>\n<meta name=\"twitter:label1\" content=\"Tiempo de lectura\" \/>\n\t<meta name=\"twitter:data1\" content=\"2 minutos\" \/>\n<script type=\"application\/ld+json\" class=\"yoast-schema-graph\">{\"@context\":\"https:\/\/schema.org\",\"@graph\":[{\"@type\":\"Organization\",\"@id\":\"https:\/\/www.asalfa.org.ar\/web\/#organization\",\"name\":\"ASALFA\",\"url\":\"https:\/\/www.asalfa.org.ar\/web\/\",\"sameAs\":[\"https:\/\/www.facebook.com\/asalfa.web\",\"https:\/\/www.instagram.com\/asalfa.fono\/\",\"https:\/\/www.youtube.com\/channel\/UCViRiKssMnG1fvSb5yMV_Gw\"],\"logo\":{\"@type\":\"ImageObject\",\"@id\":\"https:\/\/www.asalfa.org.ar\/web\/#logo\",\"inLanguage\":\"es-AR\",\"url\":\"https:\/\/www.asalfa.org.ar\/web\/wp-content\/uploads\/2021\/07\/LogoASALFAdesde1948-1.png\",\"contentUrl\":\"https:\/\/www.asalfa.org.ar\/web\/wp-content\/uploads\/2021\/07\/LogoASALFAdesde1948-1.png\",\"width\":249,\"height\":65,\"caption\":\"ASALFA\"},\"image\":{\"@id\":\"https:\/\/www.asalfa.org.ar\/web\/#logo\"}},{\"@type\":\"WebSite\",\"@id\":\"https:\/\/www.asalfa.org.ar\/web\/#website\",\"url\":\"https:\/\/www.asalfa.org.ar\/web\/\",\"name\":\"ASALFA\",\"description\":\"Fonoaudiolog\\u00eda\",\"publisher\":{\"@id\":\"https:\/\/www.asalfa.org.ar\/web\/#organization\"},\"potentialAction\":[{\"@type\":\"SearchAction\",\"target\":{\"@type\":\"EntryPoint\",\"urlTemplate\":\"https:\/\/www.asalfa.org.ar\/web\/?s={search_term_string}\"},\"query-input\":\"required name=search_term_string\"}],\"inLanguage\":\"es-AR\"},{\"@type\":\"ImageObject\",\"@id\":\"https:\/\/www.asalfa.org.ar\/web\/auspicio-institucional\/#primaryimage\",\"inLanguage\":\"es-AR\",\"url\":\"http:\/\/www.asalfa.org.ar\/web\/wp-content\/uploads\/2021\/06\/fecha-abajo-purpura-300x300.png\",\"contentUrl\":\"http:\/\/www.asalfa.org.ar\/web\/wp-content\/uploads\/2021\/06\/fecha-abajo-purpura-300x300.png\"},{\"@type\":\"WebPage\",\"@id\":\"https:\/\/www.asalfa.org.ar\/web\/auspicio-institucional\/#webpage\",\"url\":\"https:\/\/www.asalfa.org.ar\/web\/auspicio-institucional\/\",\"name\":\"Auspicio Institucional | Asoc. Arg. de Logopedia, Foniatr\\u00eda y Audiolog\\u00eda\",\"isPartOf\":{\"@id\":\"https:\/\/www.asalfa.org.ar\/web\/#website\"},\"primaryImageOfPage\":{\"@id\":\"https:\/\/www.asalfa.org.ar\/web\/auspicio-institucional\/#primaryimage\"},\"datePublished\":\"2021-06-25T02:49:20+00:00\",\"dateModified\":\"2022-07-04T17:58:12+00:00\",\"breadcrumb\":{\"@id\":\"https:\/\/www.asalfa.org.ar\/web\/auspicio-institucional\/#breadcrumb\"},\"inLanguage\":\"es-AR\",\"potentialAction\":[{\"@type\":\"ReadAction\",\"target\":[\"https:\/\/www.asalfa.org.ar\/web\/auspicio-institucional\/\"]}]},{\"@type\":\"BreadcrumbList\",\"@id\":\"https:\/\/www.asalfa.org.ar\/web\/auspicio-institucional\/#breadcrumb\",\"itemListElement\":[{\"@type\":\"ListItem\",\"position\":1,\"name\":\"Inicio\",\"item\":\"https:\/\/www.asalfa.org.ar\/web\/\"},{\"@type\":\"ListItem\",\"position\":2,\"name\":\"Auspicio Institucional\"}]}]}<\/script>\n<!-- \/ Yoast SEO plugin. -->","yoast_head_json":{"title":"Auspicio Institucional | Asoc. Arg. de Logopedia, Foniatr\u00eda y Audiolog\u00eda","robots":{"index":"index","follow":"follow","max-snippet":"max-snippet:-1","max-image-preview":"max-image-preview:large","max-video-preview":"max-video-preview:-1"},"canonical":"https:\/\/www.asalfa.org.ar\/web\/auspicio-institucional\/","og_locale":"es_ES","og_type":"article","og_title":"Auspicio Institucional | Asoc. Arg. de Logopedia, Foniatr\u00eda y Audiolog\u00eda","og_description":"ASALFA tiene entre sus objetivos promocionar y fomentar el progreso de la Fonoaudiolog\u00eda, divulgando e impulsando los conocimientos de la especialidad y sus principios. En consecuencia, la Comisi\u00f3n Directiva prestar\u00e1 el auspicio institucional a actividades cient\u00edficas o acad\u00e9micas de inter\u00e9s fonoaudiol\u00f3gico, organizadas por instituciones o entidades ajenas a ella. Las actividades cient\u00edficas o acad\u00e9micas pueden&hellip;","og_url":"https:\/\/www.asalfa.org.ar\/web\/auspicio-institucional\/","og_site_name":"Asoc. Arg. de Logopedia, Foniatr\u00eda y Audiolog\u00eda","article_publisher":"https:\/\/www.facebook.com\/asalfa.web","article_modified_time":"2022-07-04T17:58:12+00:00","og_image":[{"url":"http:\/\/www.asalfa.org.ar\/web\/wp-content\/uploads\/2021\/06\/fecha-abajo-purpura-300x300.png"}],"twitter_card":"summary_large_image","twitter_misc":{"Tiempo de lectura":"2 minutos"},"schema":{"@context":"https:\/\/schema.org","@graph":[{"@type":"Organization","@id":"https:\/\/www.asalfa.org.ar\/web\/#organization","name":"ASALFA","url":"https:\/\/www.asalfa.org.ar\/web\/","sameAs":["https:\/\/www.facebook.com\/asalfa.web","https:\/\/www.instagram.com\/asalfa.fono\/","https:\/\/www.youtube.com\/channel\/UCViRiKssMnG1fvSb5yMV_Gw"],"logo":{"@type":"ImageObject","@id":"https:\/\/www.asalfa.org.ar\/web\/#logo","inLanguage":"es-AR","url":"https:\/\/www.asalfa.org.ar\/web\/wp-content\/uploads\/2021\/07\/LogoASALFAdesde1948-1.png","contentUrl":"https:\/\/www.asalfa.org.ar\/web\/wp-content\/uploads\/2021\/07\/LogoASALFAdesde1948-1.png","width":249,"height":65,"caption":"ASALFA"},"image":{"@id":"https:\/\/www.asalfa.org.ar\/web\/#logo"}},{"@type":"WebSite","@id":"https:\/\/www.asalfa.org.ar\/web\/#website","url":"https:\/\/www.asalfa.org.ar\/web\/","name":"ASALFA","description":"Fonoaudiolog\u00eda","publisher":{"@id":"https:\/\/www.asalfa.org.ar\/web\/#organization"},"potentialAction":[{"@type":"SearchAction","target":{"@type":"EntryPoint","urlTemplate":"https:\/\/www.asalfa.org.ar\/web\/?s={search_term_string}"},"query-input":"required name=search_term_string"}],"inLanguage":"es-AR"},{"@type":"ImageObject","@id":"https:\/\/www.asalfa.org.ar\/web\/auspicio-institucional\/#primaryimage","inLanguage":"es-AR","url":"http:\/\/www.asalfa.org.ar\/web\/wp-content\/uploads\/2021\/06\/fecha-abajo-purpura-300x300.png","contentUrl":"http:\/\/www.asalfa.org.ar\/web\/wp-content\/uploads\/2021\/06\/fecha-abajo-purpura-300x300.png"},{"@type":"WebPage","@id":"https:\/\/www.asalfa.org.ar\/web\/auspicio-institucional\/#webpage","url":"https:\/\/www.asalfa.org.ar\/web\/auspicio-institucional\/","name":"Auspicio Institucional | Asoc. Arg. de Logopedia, Foniatr\u00eda y Audiolog\u00eda","isPartOf":{"@id":"https:\/\/www.asalfa.org.ar\/web\/#website"},"primaryImageOfPage":{"@id":"https:\/\/www.asalfa.org.ar\/web\/auspicio-institucional\/#primaryimage"},"datePublished":"2021-06-25T02:49:20+00:00","dateModified":"2022-07-04T17:58:12+00:00","breadcrumb":{"@id":"https:\/\/www.asalfa.org.ar\/web\/auspicio-institucional\/#breadcrumb"},"inLanguage":"es-AR","potentialAction":[{"@type":"ReadAction","target":["https:\/\/www.asalfa.org.ar\/web\/auspicio-institucional\/"]}]},{"@type":"BreadcrumbList","@id":"https:\/\/www.asalfa.org.ar\/web\/auspicio-institucional\/#breadcrumb","itemListElement":[{"@type":"ListItem","position":1,"name":"Inicio","item":"https:\/\/www.asalfa.org.ar\/web\/"},{"@type":"ListItem","position":2,"name":"Auspicio Institucional"}]}]}},"_links":{"self":[{"href":"https:\/\/www.asalfa.org.ar\/web\/wp-json\/wp\/v2\/pages\/495"}],"collection":[{"href":"https:\/\/www.asalfa.org.ar\/web\/wp-json\/wp\/v2\/pages"}],"about":[{"href":"https:\/\/www.asalfa.org.ar\/web\/wp-json\/wp\/v2\/types\/page"}],"author":[{"embeddable":true,"href":"https:\/\/www.asalfa.org.ar\/web\/wp-json\/wp\/v2\/users\/1"}],"replies":[{"embeddable":true,"href":"https:\/\/www.asalfa.org.ar\/web\/wp-json\/wp\/v2\/comments?post=495"}],"version-history":[{"count":6,"href":"https:\/\/www.asalfa.org.ar\/web\/wp-json\/wp\/v2\/pages\/495\/revisions"}],"predecessor-version":[{"id":2173,"href":"https:\/\/www.asalfa.org.ar\/web\/wp-json\/wp\/v2\/pages\/495\/revisions\/2173"}],"wp:attachment":[{"href":"https:\/\/www.asalfa.org.ar\/web\/wp-json\/wp\/v2\/media?parent=495"}],"curies":[{"name":"wp","href":"https:\/\/api.w.org\/{rel}","templated":true}]}}